{"id":1039,"date":"2021-12-21T20:12:56","date_gmt":"2021-12-21T20:12:56","guid":{"rendered":"https:\/\/startersites.io\/elementor\/homi\/?page_id=1039"},"modified":"2025-06-17T09:58:43","modified_gmt":"2025-06-17T09:58:43","slug":"a-propos","status":"publish","type":"page","link":"https:\/\/souk-home.com\/it\/a-propos\/","title":{"rendered":"Chi siamo"},"content":{"rendered":"<div data-elementor-type=\"wp-page\" data-elementor-id=\"1039\" class=\"elementor elementor-1039\">\n\t\t\t\t\t\t<section class=\"elementor-section elementor-top-section elementor-element elementor-element-5020ae7 ct-section-stretched elementor-section-height-min-height elementor-section-boxed elementor-section-height-default elementor-section-items-middle\" data-id=\"5020ae7\" data-element_type=\"section\" data-settings=\"{&quot;background_background&quot;:&quot;classic&quot;}\">\n\t\t\t\t\t\t<div class=\"elementor-container elementor-column-gap-default\">\n\t\t\t\t\t<div class=\"elementor-column elementor-col-100 elementor-top-column elementor-element elementor-element-36276f8\" data-id=\"36276f8\" data-element_type=\"column\">\n\t\t\t<div class=\"elementor-widget-wrap\">\n\t\t\t\t\t\t\t<\/div>\n\t\t<\/div>\n\t\t\t\t\t<\/div>\n\t\t<\/section>\n\t\t\t\t<section class=\"elementor-section elementor-top-section elementor-element elementor-element-f1fb84e elementor-section-boxed elementor-section-height-default elementor-section-height-default\" data-id=\"f1fb84e\" data-element_type=\"section\">\n\t\t\t\t\t\t<div class=\"elementor-container elementor-column-gap-default\">\n\t\t\t\t\t<div class=\"elementor-column elementor-col-100 elementor-top-column elementor-element elementor-element-b95565c\" data-id=\"b95565c\" data-element_type=\"column\">\n\t\t\t<div class=\"elementor-widget-wrap elementor-element-populated\">\n\t\t\t\t\t\t<div class=\"elementor-element elementor-element-f5f169e elementor-widget elementor-widget-heading\" data-id=\"f5f169e\" data-element_type=\"widget\" data-widget_type=\"heading.default\">\n\t\t\t\t<div class=\"elementor-widget-container\">\n\t\t\t\t\t<h2 class=\"elementor-heading-title elementor-size-default\">SOUK HOME<\/h2>\t\t\t\t<\/div>\n\t\t\t\t<\/div>\n\t\t\t\t\t<\/div>\n\t\t<\/div>\n\t\t\t\t\t<\/div>\n\t\t<\/section>\n\t\t\t\t<section class=\"elementor-section elementor-top-section elementor-element elementor-element-bba6cb0 elementor-section-boxed elementor-section-height-default elementor-section-height-default\" data-id=\"bba6cb0\" data-element_type=\"section\">\n\t\t\t\t\t\t<div class=\"elementor-container elementor-column-gap-extended\">\n\t\t\t\t\t<div class=\"elementor-column elementor-col-100 elementor-top-column elementor-element elementor-element-caebb6a\" data-id=\"caebb6a\" data-element_type=\"column\">\n\t\t\t<div class=\"elementor-widget-wrap elementor-element-populated\">\n\t\t\t\t\t\t<div class=\"elementor-element elementor-element-d0d11e3 elementor-widget elementor-widget-text-editor\" data-id=\"d0d11e3\" data-element_type=\"widget\" data-widget_type=\"text-editor.default\">\n\t\t\t\t<div class=\"elementor-widget-container\">\n\t\t\t\t\t\t\t\t\t<p data-pm-slice=\"1 1 []\">Da Souk Home selezioniamo pezzi autentici, realizzati artigianalmente con cura.\nLavorando senza intermediari, vi offriamo articoli unici a prezzi equi e competitivi, impegnandoci a garantire un giusto compenso ai nostri artigiani.\nDesign, etica e qualit\u00e0 si riflettono in ogni creazione. <strong>Souk Home<\/strong>, nous s\u00e9lectionnons des pi\u00e8ces artisanales authentiques, faites main avec soin.<br>En travaillant sans interm\u00e9diaires, nous vous proposons des objets uniques \u00e0 des tarifs justes et comp\u00e9titifs, tout en nous engageant \u00e0 une juste r\u00e9mun\u00e9ration des artisans.&nbsp;<br>Design, \u00e9thique et qualit\u00e9 se retrouvent dans chaque cr\u00e9ation,<\/p>\t\t\t\t\t\t\t\t<\/div>\n\t\t\t\t<\/div>\n\t\t\t\t\t<\/div>\n\t\t<\/div>\n\t\t\t\t\t<\/div>\n\t\t<\/section>\n\t\t\t\t<section class=\"elementor-section elementor-top-section elementor-element elementor-element-8bfdb97 elementor-section-boxed elementor-section-height-default elementor-section-height-default\" data-id=\"8bfdb97\" data-element_type=\"section\">\n\t\t\t\t\t\t<div class=\"elementor-container elementor-column-gap-default\">\n\t\t\t\t\t<div class=\"elementor-column elementor-col-100 elementor-top-column elementor-element elementor-element-1e9d827\" data-id=\"1e9d827\" data-element_type=\"column\">\n\t\t\t<div class=\"elementor-widget-wrap elementor-element-populated\">\n\t\t\t\t\t\t<div class=\"elementor-element elementor-element-17353f1 elementor-widget elementor-widget-spacer\" data-id=\"17353f1\" data-element_type=\"widget\" data-widget_type=\"spacer.default\">\n\t\t\t\t<div class=\"elementor-widget-container\">\n\t\t\t\t\t\t\t<div class=\"elementor-spacer\">\n\t\t\t<div class=\"elementor-spacer-inner\"><\/div>\n\t\t<\/div>\n\t\t\t\t\t\t<\/div>\n\t\t\t\t<\/div>\n\t\t\t\t\t<\/div>\n\t\t<\/div>\n\t\t\t\t\t<\/div>\n\t\t<\/section>\n\t\t\t\t<\/div>","protected":false},"excerpt":{"rendered":"<p>SOUK HOME Chez Souk Home, nous s\u00e9lectionnons des pi\u00e8ces artisanales authentiques, faites main avec soin.En travaillant sans interm\u00e9diaires, nous vous proposons des objets uniques \u00e0 des tarifs justes et comp\u00e9titifs, tout en nous engageant \u00e0 une juste r\u00e9mun\u00e9ration des artisans.&nbsp;Design, \u00e9thique et qualit\u00e9 se retrouvent dans chaque cr\u00e9ation,<\/p>","protected":false},"author":1,"featured_media":0,"parent":0,"menu_order":0,"comment_status":"closed","ping_status":"closed","template":"","meta":{"footnotes":""},"class_list":["post-1039","page","type-page","status-publish","hentry"],"blocksy_meta":{"styles_descriptor":{"styles":{"desktop":"","tablet":"","mobile":""},"google_fonts":[],"version":6}},"jetpack_sharing_enabled":true,"_links":{"self":[{"href":"https:\/\/souk-home.com\/it\/wp-json\/wp\/v2\/pages\/1039","targetHints":{"allow":["GET"]}}],"collection":[{"href":"https:\/\/souk-home.com\/it\/wp-json\/wp\/v2\/pages"}],"about":[{"href":"https:\/\/souk-home.com\/it\/wp-json\/wp\/v2\/types\/page"}],"author":[{"embeddable":true,"href":"https:\/\/souk-home.com\/it\/wp-json\/wp\/v2\/users\/1"}],"replies":[{"embeddable":true,"href":"https:\/\/souk-home.com\/it\/wp-json\/wp\/v2\/comments?post=1039"}],"version-history":[{"count":5,"href":"https:\/\/souk-home.com\/it\/wp-json\/wp\/v2\/pages\/1039\/revisions"}],"predecessor-version":[{"id":1631,"href":"https:\/\/souk-home.com\/it\/wp-json\/wp\/v2\/pages\/1039\/revisions\/1631"}],"wp:attachment":[{"href":"https:\/\/souk-home.com\/it\/wp-json\/wp\/v2\/media?parent=1039"}],"curies":[{"name":"wp","href":"https:\/\/api.w.org\/{rel}","templated":true}]}}