{"id":1290,"date":"2021-12-22T14:27:24","date_gmt":"2021-12-22T14:27:24","guid":{"rendered":"https:\/\/startersites.io\/elementor\/homi\/?page_id=1290"},"modified":"2025-07-01T07:14:15","modified_gmt":"2025-07-01T07:14:15","slug":"nous-contacter","status":"publish","type":"page","link":"https:\/\/souk-home.com\/it\/nous-contacter\/","title":{"rendered":"Contattaci"},"content":{"rendered":"<div data-elementor-type=\"wp-page\" data-elementor-id=\"1290\" class=\"elementor elementor-1290\">\n\t\t\t\t<div class=\"elementor-element elementor-element-3f31cf6 e-flex e-con-boxed e-con e-parent\" data-id=\"3f31cf6\" data-element_type=\"container\">\n\t\t\t\t\t<div class=\"e-con-inner\">\n\t\t\t\t\t<\/div>\n\t\t\t\t<\/div>\n\t\t\t\t<section class=\"elementor-section elementor-top-section elementor-element elementor-element-27bfd50 elementor-section-boxed elementor-section-height-default elementor-section-height-default\" data-id=\"27bfd50\" data-element_type=\"section\">\n\t\t\t\t\t\t<div class=\"elementor-container elementor-column-gap-default\">\n\t\t\t\t\t<div class=\"elementor-column elementor-col-50 elementor-top-column elementor-element elementor-element-0fd464e\" data-id=\"0fd464e\" data-element_type=\"column\">\n\t\t\t<div class=\"elementor-widget-wrap elementor-element-populated\">\n\t\t\t\t\t\t<div class=\"elementor-element elementor-element-d6ebf2e elementor-position-left elementor-view-default elementor-mobile-position-top elementor-widget elementor-widget-icon-box\" data-id=\"d6ebf2e\" data-element_type=\"widget\" data-widget_type=\"icon-box.default\">\n\t\t\t\t<div class=\"elementor-widget-container\">\n\t\t\t\t\t\t\t<div class=\"elementor-icon-box-wrapper\">\n\n\t\t\t\t\t\t<div class=\"elementor-icon-box-icon\">\n\t\t\t\t<span  class=\"elementor-icon\">\n\t\t\t\t<svg aria-hidden=\"true\" class=\"e-font-icon-svg e-fas-envelope\" viewbox=\"0 0 512 512\" xmlns=\"http:\/\/www.w3.org\/2000\/svg\"><path d=\"M502.3 190.8c3.9-3.1 9.7-.2 9.7 4.7V400c0 26.5-21.5 48-48 48H48c-26.5 0-48-21.5-48-48V195.6c0-5 5.7-7.8 9.7-4.7 22.4 17.4 52.1 39.5 154.1 113.6 21.1 15.4 56.7 47.8 92.2 47.6 35.7.3 72-32.8 92.3-47.6 102-74.1 131.6-96.3 154-113.7zM256 320c23.2.4 56.6-29.2 73.4-41.4 132.7-96.3 142.8-104.7 173.4-128.7 5.8-4.5 9.2-11.5 9.2-18.9v-19c0-26.5-21.5-48-48-48H48C21.5 64 0 85.5 0 112v19c0 7.4 3.4 14.3 9.2 18.9 30.6 23.9 40.7 32.4 173.4 128.7 16.8 12.2 50.2 41.8 73.4 41.4z\"><\/path><\/svg>\t\t\t\t<\/span>\n\t\t\t<\/div>\n\t\t\t\n\t\t\t\t\t\t<div class=\"elementor-icon-box-content\">\n\n\t\t\t\t\t\t\t\t\t<h3 class=\"elementor-icon-box-title\">\n\t\t\t\t\t\t<span  >\n\t\t\t\t\t\t\tAdresse mail\t\t\t\t\t\t<\/span>\n\t\t\t\t\t<\/h3>\n\t\t\t\t\n\t\t\t\t\t\t\t\t\t<p class=\"elementor-icon-box-description\">\n\t\t\t\t\t\tcontact@souk-home .com\t\t\t\t\t<\/p>\n\t\t\t\t\n\t\t\t<\/div>\n\t\t\t\n\t\t<\/div>\n\t\t\t\t\t\t<\/div>\n\t\t\t\t<\/div>\n\t\t\t\t<div class=\"elementor-element elementor-element-27378d9 elementor-position-left elementor-view-default elementor-mobile-position-top elementor-widget elementor-widget-icon-box\" data-id=\"27378d9\" data-element_type=\"widget\" data-widget_type=\"icon-box.default\">\n\t\t\t\t<div class=\"elementor-widget-container\">\n\t\t\t\t\t\t\t<div class=\"elementor-icon-box-wrapper\">\n\n\t\t\t\t\t\t<div class=\"elementor-icon-box-icon\">\n\t\t\t\t<span  class=\"elementor-icon\">\n\t\t\t\t<svg aria-hidden=\"true\" class=\"e-font-icon-svg e-fas-phone-alt\" viewbox=\"0 0 512 512\" xmlns=\"http:\/\/www.w3.org\/2000\/svg\"><path d=\"M497.39 361.8l-112-48a24 24 0 0 0-28 6.9l-49.6 60.6A370.66 370.66 0 0 1 130.6 204.11l60.6-49.6a23.94 23.94 0 0 0 6.9-28l-48-112A24.16 24.16 0 0 0 122.6.61l-104 24A24 24 0 0 0 0 48c0 256.5 207.9 464 464 464a24 24 0 0 0 23.4-18.6l24-104a24.29 24.29 0 0 0-14.01-27.6z\"><\/path><\/svg>\t\t\t\t<\/span>\n\t\t\t<\/div>\n\t\t\t\n\t\t\t\t\t\t<div class=\"elementor-icon-box-content\">\n\n\t\t\t\t\t\t\t\t\t<h3 class=\"elementor-icon-box-title\">\n\t\t\t\t\t\t<span  >\n\t\t\t\t\t\t\tT\u00e9l\u00e9phone\t\t\t\t\t\t<\/span>\n\t\t\t\t\t<\/h3>\n\t\t\t\t\n\t\t\t\t\t\t\t\t\t<p class=\"elementor-icon-box-description\">\n\t\t\t\t\t\t+212 6 65 95 96 54\t\t\t\t\t<\/p>\n\t\t\t\t\n\t\t\t<\/div>\n\t\t\t\n\t\t<\/div>\n\t\t\t\t\t\t<\/div>\n\t\t\t\t<\/div>\n\t\t\t\t\t<\/div>\n\t\t<\/div>\n\t\t\t\t<div class=\"elementor-column elementor-col-50 elementor-top-column elementor-element elementor-element-2f4131b\" data-id=\"2f4131b\" data-element_type=\"column\" data-settings=\"{&quot;background_background&quot;:&quot;classic&quot;}\">\n\t\t\t<div class=\"elementor-widget-wrap elementor-element-populated\">\n\t\t\t\t\t\t<div class=\"elementor-element elementor-element-83aa088 elementor-widget elementor-widget-heading\" data-id=\"83aa088\" data-element_type=\"widget\" data-widget_type=\"heading.default\">\n\t\t\t\t<div class=\"elementor-widget-container\">\n\t\t\t\t\t<h2 class=\"elementor-heading-title elementor-size-default\">Particulier ou professionnel, nous sommes \u00e0 disposition par mail, WhatsApp ou t\u00e9l\u00e9phone.<\/h2>\t\t\t\t<\/div>\n\t\t\t\t<\/div>\n\t\t\t\t<div class=\"elementor-element elementor-element-4b022cf elementor-widget elementor-widget-wpforms\" data-id=\"4b022cf\" data-element_type=\"widget\" data-widget_type=\"wpforms.default\">\n\t\t\t\t<div class=\"elementor-widget-container\">\n\t\t\t\t\t<div class=\"wpforms-container wpforms-render-modern\" id=\"wpforms-246\"><form id=\"wpforms-form-246\" class=\"wpforms-validate wpforms-form\" data-formid=\"246\" method=\"post\" enctype=\"multipart\/form-data\" action=\"\/it\/wp-json\/wp\/v2\/pages\/1290\" data-token=\"2e8b30792b5873ca49ea2539edd45dca\" data-token-time=\"1776431746\" data-trp-original-action=\"\/it\/wp-json\/wp\/v2\/pages\/1290\"><noscript class=\"wpforms-error-noscript\">Abilita JavaScript nel browser per completare questo modulo.<\/noscript><div class=\"wpforms-hidden\" id=\"wpforms-error-noscript\">Abilita JavaScript nel browser per completare questo modulo.<\/div><div class=\"wpforms-field-container\"><div id=\"wpforms-246-field_0-container\" class=\"wpforms-field wpforms-field-name\" data-field-id=\"0\"><label class=\"wpforms-field-label wpforms-label-hide\" for=\"wpforms-246-field_0\" aria-hidden=\"false\">Nom <span class=\"wpforms-required-label\" aria-hidden=\"true\">*<\/span><\/label><input type=\"text\" id=\"wpforms-246-field_0\" class=\"wpforms-field-large wpforms-field-required\" name=\"wpforms[fields][0]\" placeholder=\"Nom *\" aria-errormessage=\"wpforms-246-field_0-error\" required><\/div><div id=\"wpforms-246-field_1-container\" class=\"wpforms-field wpforms-field-email\" data-field-id=\"1\"><label class=\"wpforms-field-label wpforms-label-hide\" for=\"wpforms-246-field_1\" aria-hidden=\"false\">Email <span class=\"wpforms-required-label\" aria-hidden=\"true\">*<\/span><\/label><input type=\"email\" id=\"wpforms-246-field_1\" class=\"wpforms-field-large wpforms-field-required\" name=\"wpforms[fields][1]\" placeholder=\"Adresse mail *\" spellcheck=\"false\" aria-errormessage=\"wpforms-246-field_1-error\" required><\/div><div id=\"wpforms-246-field_3-container\" class=\"wpforms-field wpforms-field-text\" data-field-id=\"3\"><label class=\"wpforms-field-label wpforms-label-hide\" for=\"wpforms-246-field_3\" aria-hidden=\"false\">Sujet<\/label><input type=\"text\" id=\"wpforms-246-field_3\" class=\"wpforms-field-large\" name=\"wpforms[fields][3]\" placeholder=\"Sujet*\" aria-errormessage=\"wpforms-246-field_3-error\" ><\/div><div id=\"wpforms-246-field_2-container\" class=\"wpforms-field wpforms-field-textarea\" data-field-id=\"2\"><label class=\"wpforms-field-label wpforms-label-hide\" for=\"wpforms-246-field_2\" aria-hidden=\"false\">Message <span class=\"wpforms-required-label\" aria-hidden=\"true\">*<\/span><\/label><textarea id=\"wpforms-246-field_2\" class=\"wpforms-field-medium wpforms-field-required\" name=\"wpforms[fields][2]\" placeholder=\"Commentaire*\" aria-errormessage=\"wpforms-246-field_2-error\" required><\/textarea><\/div><\/div><!-- .wpforms-field-container --><div class=\"wpforms-submit-container\" ><input type=\"hidden\" name=\"wpforms[id]\" value=\"246\"><input type=\"hidden\" name=\"page_title\" value=\"\"><input type=\"hidden\" name=\"page_url\" value=\"https:\/\/souk-home.com\/it\/wp-json\/wp\/v2\/pages\/1290\"><input type=\"hidden\" name=\"url_referer\" value=\"\"><button type=\"submit\" name=\"wpforms[submit]\" id=\"wpforms-submit-246\" class=\"wpforms-submit\" data-alt-text=\"Envoi...\" data-submit-text=\"Envoyer\" aria-live=\"assertive\" value=\"wpforms-submit\">Envoyer<\/button><\/div><input type=\"hidden\" name=\"trp-form-language\" value=\"it\"\/><\/form><\/div>  <!-- .wpforms-container -->\t\t\t\t<\/div>\n\t\t\t\t<\/div>\n\t\t\t\t\t<\/div>\n\t\t<\/div>\n\t\t\t\t\t<\/div>\n\t\t<\/section>\n\t\t\t\t<section class=\"elementor-section elementor-top-section elementor-element elementor-element-4ee009c elementor-section-boxed elementor-section-height-default elementor-section-height-default\" data-id=\"4ee009c\" data-element_type=\"section\">\n\t\t\t\t\t\t<div class=\"elementor-container elementor-column-gap-default\">\n\t\t\t\t\t<div class=\"elementor-column elementor-col-100 elementor-top-column elementor-element elementor-element-bce9bda\" data-id=\"bce9bda\" data-element_type=\"column\">\n\t\t\t<div class=\"elementor-widget-wrap elementor-element-populated\">\n\t\t\t\t\t\t<div class=\"elementor-element elementor-element-c6220b7 elementor-widget elementor-widget-shortcode\" data-id=\"c6220b7\" data-element_type=\"widget\" data-widget_type=\"shortcode.default\">\n\t\t\t\t<div class=\"elementor-widget-container\">\n\t\t\t\t\t\t\t<div class=\"elementor-shortcode\"><div class=\"woocommerce columns-4\"><ul class=\"products columns-4\" data-products=\"type-1\" data-hover=\"zoom-in\">\n<li class=\"product type-product post-1942 status-publish first instock product_cat-uncategorized product_cat-vases-art-de-table has-post-thumbnail shipping-taxable purchasable product-type-simple\">\n\t<a href=\"https:\/\/souk-home.com\/it\/prodotto\/tasses-ceram-ifri-creme-x2\/\" class=\"woocommerce-LoopProduct-link woocommerce-loop-product__link\"><img fetchpriority=\"high\" decoding=\"async\" width=\"300\" height=\"300\" src=\"https:\/\/souk-home.com\/wp-content\/uploads\/2025\/07\/verre-terre-cuite-creme-Photoroom-300x300.jpg\" class=\"attachment-woocommerce_thumbnail size-woocommerce_thumbnail\" alt=\"Tasses C\u00e9ram - Ifri cr\u00e8me - x2\" srcset=\"https:\/\/souk-home.com\/wp-content\/uploads\/2025\/07\/verre-terre-cuite-creme-Photoroom-300x300.jpg 300w, https:\/\/souk-home.com\/wp-content\/uploads\/2025\/07\/verre-terre-cuite-creme-Photoroom-150x150.jpg 150w, https:\/\/souk-home.com\/wp-content\/uploads\/2025\/07\/verre-terre-cuite-creme-Photoroom-768x768.jpg 768w, https:\/\/souk-home.com\/wp-content\/uploads\/2025\/07\/verre-terre-cuite-creme-Photoroom-600x600.jpg 600w, https:\/\/souk-home.com\/wp-content\/uploads\/2025\/07\/verre-terre-cuite-creme-Photoroom-100x100.jpg 100w, https:\/\/souk-home.com\/wp-content\/uploads\/2025\/07\/verre-terre-cuite-creme-Photoroom-50x50.jpg 50w, https:\/\/souk-home.com\/wp-content\/uploads\/2025\/07\/verre-terre-cuite-creme-Photoroom.jpg 1000w\" sizes=\"(max-width: 300px) 100vw, 300px\" \/><h2 class=\"woocommerce-loop-product__title\">Tasses C\u00e9ram &#8211; Ifri cr\u00e8me &#8211; x2<\/h2>\n\t<span class=\"price\"><span class=\"woocommerce-Price-amount amount\"><bdi>5.99<span class=\"woocommerce-Price-currencySymbol\">&euro;<\/span><\/bdi><\/span><\/span>\n<\/a><a href=\"\/it\/wp-json\/wp\/v2\/pages\/1290?add-to-cart=1942\" aria-describedby=\"woocommerce_loop_add_to_cart_link_describedby_1942\" data-quantity=\"1\" class=\"button product_type_simple add_to_cart_button ajax_add_to_cart\" data-product_id=\"1942\" data-product_sku=\"\" aria-label=\"Aggiungi al carrello: &quot;Tasses C\u00e9ram - Ifri cr\u00e8me - x2&quot;\" rel=\"nofollow\" data-success_message=\"&quot;Tasses C\u00e9ram - Ifri cr\u00e8me - x2&quot; \u00e8 stato aggiunto al tuo carrello.\" role=\"button\" data-no-translation=\"\" data-trp-gettext=\"\" data-no-translation-aria-label=\"\" data-no-translation-data-success_message=\"\">Aggiungi al carrello<\/a>\t<span id=\"woocommerce_loop_add_to_cart_link_describedby_1942\" class=\"screen-reader-text\">\n\t\t\t<\/span>\n<\/li>\n<li class=\"product type-product post-1938 status-publish instock product_cat-uncategorized product_cat-vases-art-de-table has-post-thumbnail shipping-taxable purchasable product-type-simple\">\n\t<a href=\"https:\/\/souk-home.com\/it\/prodotto\/verres-ceram-ifri-vert-x2\/\" class=\"woocommerce-LoopProduct-link woocommerce-loop-product__link\"><img decoding=\"async\" width=\"300\" height=\"300\" src=\"https:\/\/souk-home.com\/wp-content\/uploads\/2025\/07\/verre-terre-cuite-ceram-vert-Photoroom-300x300.jpg\" class=\"attachment-woocommerce_thumbnail size-woocommerce_thumbnail\" alt=\"Tasses C\u00e9ram - Ifri vert - x2\" srcset=\"https:\/\/souk-home.com\/wp-content\/uploads\/2025\/07\/verre-terre-cuite-ceram-vert-Photoroom-300x300.jpg 300w, https:\/\/souk-home.com\/wp-content\/uploads\/2025\/07\/verre-terre-cuite-ceram-vert-Photoroom-150x150.jpg 150w, https:\/\/souk-home.com\/wp-content\/uploads\/2025\/07\/verre-terre-cuite-ceram-vert-Photoroom-768x768.jpg 768w, https:\/\/souk-home.com\/wp-content\/uploads\/2025\/07\/verre-terre-cuite-ceram-vert-Photoroom-600x600.jpg 600w, https:\/\/souk-home.com\/wp-content\/uploads\/2025\/07\/verre-terre-cuite-ceram-vert-Photoroom-100x100.jpg 100w, https:\/\/souk-home.com\/wp-content\/uploads\/2025\/07\/verre-terre-cuite-ceram-vert-Photoroom-50x50.jpg 50w, https:\/\/souk-home.com\/wp-content\/uploads\/2025\/07\/verre-terre-cuite-ceram-vert-Photoroom.jpg 1000w\" sizes=\"(max-width: 300px) 100vw, 300px\" \/><h2 class=\"woocommerce-loop-product__title\">Tasses C\u00e9ram &#8211; Ifri vert &#8211; x2<\/h2>\n\t<span class=\"price\"><span class=\"woocommerce-Price-amount amount\"><bdi>5.99<span class=\"woocommerce-Price-currencySymbol\">&euro;<\/span><\/bdi><\/span><\/span>\n<\/a><a href=\"\/it\/wp-json\/wp\/v2\/pages\/1290?add-to-cart=1938\" aria-describedby=\"woocommerce_loop_add_to_cart_link_describedby_1938\" data-quantity=\"1\" class=\"button product_type_simple add_to_cart_button ajax_add_to_cart\" data-product_id=\"1938\" data-product_sku=\"\" aria-label=\"Aggiungi al carrello: &quot;Tasses C\u00e9ram - Ifri vert - x2&quot;\" rel=\"nofollow\" data-success_message=\"&quot;Tasses C\u00e9ram - Ifri vert - x2&quot; \u00e8 stato aggiunto al tuo carrello.\" role=\"button\" data-no-translation=\"\" data-trp-gettext=\"\" data-no-translation-aria-label=\"\" data-no-translation-data-success_message=\"\">Aggiungi al carrello<\/a>\t<span id=\"woocommerce_loop_add_to_cart_link_describedby_1938\" class=\"screen-reader-text\">\n\t\t\t<\/span>\n<\/li>\n<li class=\"product type-product post-1933 status-publish instock product_cat-uncategorized product_cat-vannerie has-post-thumbnail sale shipping-taxable purchasable product-type-simple\">\n\t<a href=\"https:\/\/souk-home.com\/it\/prodotto\/sets-de-table-tresses-tiziri-noir-x2\/\" class=\"woocommerce-LoopProduct-link woocommerce-loop-product__link\">\n\t<span class=\"onsale\" data-shape=\"type-2\">PROMO<\/span>\n\t<img decoding=\"async\" width=\"300\" height=\"300\" src=\"https:\/\/souk-home.com\/wp-content\/uploads\/2025\/07\/set-table-noir-Photoroom-300x300.jpg\" class=\"attachment-woocommerce_thumbnail size-woocommerce_thumbnail\" alt=\"Sets de table tress\u00e9s - Tiziri x2\" srcset=\"https:\/\/souk-home.com\/wp-content\/uploads\/2025\/07\/set-table-noir-Photoroom-300x300.jpg 300w, https:\/\/souk-home.com\/wp-content\/uploads\/2025\/07\/set-table-noir-Photoroom-150x150.jpg 150w, https:\/\/souk-home.com\/wp-content\/uploads\/2025\/07\/set-table-noir-Photoroom-768x768.jpg 768w, https:\/\/souk-home.com\/wp-content\/uploads\/2025\/07\/set-table-noir-Photoroom-600x600.jpg 600w, https:\/\/souk-home.com\/wp-content\/uploads\/2025\/07\/set-table-noir-Photoroom-100x100.jpg 100w, https:\/\/souk-home.com\/wp-content\/uploads\/2025\/07\/set-table-noir-Photoroom-50x50.jpg 50w, https:\/\/souk-home.com\/wp-content\/uploads\/2025\/07\/set-table-noir-Photoroom.jpg 1000w\" sizes=\"(max-width: 300px) 100vw, 300px\" \/><h2 class=\"woocommerce-loop-product__title\">Sets de table tress\u00e9s &#8211; Tiziri x2<\/h2>\n\t<span class=\"price\"><span class=\"sale-price\"><del aria-hidden=\"true\"><span class=\"woocommerce-Price-amount amount\"><bdi>14.99<span class=\"woocommerce-Price-currencySymbol\">&euro;<\/span><\/bdi><\/span><\/del> <span class=\"screen-reader-text\" data-no-translation=\"\" data-trp-gettext=\"\">Il prezzo originale era: 14.99&euro;.<\/span><ins aria-hidden=\"true\"><span class=\"woocommerce-Price-amount amount\"><bdi>9.99<span class=\"woocommerce-Price-currencySymbol\">&euro;<\/span><\/bdi><\/span><\/ins><span class=\"screen-reader-text\" data-no-translation=\"\" data-trp-gettext=\"\">Il prezzo attuale \u00e8: 9.99&euro;.<\/span><\/span><\/span>\n<\/a><a href=\"\/it\/wp-json\/wp\/v2\/pages\/1290?add-to-cart=1933\" aria-describedby=\"woocommerce_loop_add_to_cart_link_describedby_1933\" data-quantity=\"1\" class=\"button product_type_simple add_to_cart_button ajax_add_to_cart\" data-product_id=\"1933\" data-product_sku=\"\" aria-label=\"Aggiungi al carrello: &quot;Sets de table tress\u00e9s - Tiziri x2&quot;\" rel=\"nofollow\" data-success_message=\"&quot;Sets de table tress\u00e9s - Tiziri x2&quot; \u00e8 stato aggiunto al tuo carrello.\" role=\"button\" data-no-translation=\"\" data-trp-gettext=\"\" data-no-translation-aria-label=\"\" data-no-translation-data-success_message=\"\">Aggiungi al carrello<\/a>\t<span id=\"woocommerce_loop_add_to_cart_link_describedby_1933\" class=\"screen-reader-text\">\n\t\t\t<\/span>\n<\/li>\n<li class=\"product type-product post-1931 status-publish last instock product_cat-uncategorized product_cat-vannerie has-post-thumbnail sale shipping-taxable purchasable product-type-simple\">\n\t<a href=\"https:\/\/souk-home.com\/it\/prodotto\/sets-de-table-tresses-tiziri-bleu-x2\/\" class=\"woocommerce-LoopProduct-link woocommerce-loop-product__link\">\n\t<span class=\"onsale\" data-shape=\"type-2\">PROMO<\/span>\n\t<img loading=\"lazy\" decoding=\"async\" width=\"300\" height=\"300\" src=\"https:\/\/souk-home.com\/wp-content\/uploads\/2025\/07\/set-table-bleu-Photoroom-300x300.jpg\" class=\"attachment-woocommerce_thumbnail size-woocommerce_thumbnail\" alt=\"Sets de table tress\u00e9s - Tiziri x2\" srcset=\"https:\/\/souk-home.com\/wp-content\/uploads\/2025\/07\/set-table-bleu-Photoroom-300x300.jpg 300w, https:\/\/souk-home.com\/wp-content\/uploads\/2025\/07\/set-table-bleu-Photoroom-150x150.jpg 150w, https:\/\/souk-home.com\/wp-content\/uploads\/2025\/07\/set-table-bleu-Photoroom-768x768.jpg 768w, https:\/\/souk-home.com\/wp-content\/uploads\/2025\/07\/set-table-bleu-Photoroom-600x600.jpg 600w, https:\/\/souk-home.com\/wp-content\/uploads\/2025\/07\/set-table-bleu-Photoroom-100x100.jpg 100w, https:\/\/souk-home.com\/wp-content\/uploads\/2025\/07\/set-table-bleu-Photoroom-50x50.jpg 50w, https:\/\/souk-home.com\/wp-content\/uploads\/2025\/07\/set-table-bleu-Photoroom.jpg 1000w\" sizes=\"(max-width: 300px) 100vw, 300px\" \/><h2 class=\"woocommerce-loop-product__title\">Sets de table tress\u00e9s &#8211; Tiziri x2<\/h2>\n\t<span class=\"price\"><span class=\"sale-price\"><del aria-hidden=\"true\"><span class=\"woocommerce-Price-amount amount\"><bdi>14.99<span class=\"woocommerce-Price-currencySymbol\">&euro;<\/span><\/bdi><\/span><\/del> <span class=\"screen-reader-text\" data-no-translation=\"\" data-trp-gettext=\"\">Il prezzo originale era: 14.99&euro;.<\/span><ins aria-hidden=\"true\"><span class=\"woocommerce-Price-amount amount\"><bdi>9.99<span class=\"woocommerce-Price-currencySymbol\">&euro;<\/span><\/bdi><\/span><\/ins><span class=\"screen-reader-text\" data-no-translation=\"\" data-trp-gettext=\"\">Il prezzo attuale \u00e8: 9.99&euro;.<\/span><\/span><\/span>\n<\/a><a href=\"\/it\/wp-json\/wp\/v2\/pages\/1290?add-to-cart=1931\" aria-describedby=\"woocommerce_loop_add_to_cart_link_describedby_1931\" data-quantity=\"1\" class=\"button product_type_simple add_to_cart_button ajax_add_to_cart\" data-product_id=\"1931\" data-product_sku=\"\" aria-label=\"Aggiungi al carrello: &quot;Sets de table tress\u00e9s - Tiziri x2&quot;\" rel=\"nofollow\" data-success_message=\"&quot;Sets de table tress\u00e9s - Tiziri x2&quot; \u00e8 stato aggiunto al tuo carrello.\" role=\"button\" data-no-translation=\"\" data-trp-gettext=\"\" data-no-translation-aria-label=\"\" data-no-translation-data-success_message=\"\">Aggiungi al carrello<\/a>\t<span id=\"woocommerce_loop_add_to_cart_link_describedby_1931\" class=\"screen-reader-text\">\n\t\t\t<\/span>\n<\/li>\n<\/ul>\n<\/div><\/div>\n\t\t\t\t\t\t<\/div>\n\t\t\t\t<\/div>\n\t\t\t\t\t<\/div>\n\t\t<\/div>\n\t\t\t\t\t<\/div>\n\t\t<\/section>\n\t\t\t\t<\/div>","protected":false},"excerpt":{"rendered":"<p>Adresse mail contact@souk-home .com T\u00e9l\u00e9phone +212 6 65 95 96 54 Particulier ou professionnel, nous sommes \u00e0 disposition par mail, WhatsApp ou t\u00e9l\u00e9phone. Veuillez activer JavaScript dans votre navigateur pour remplir ce formulaire.Veuillez activer JavaScript dans votre navigateur pour remplir ce formulaire.Nom *Email *SujetMessage * Envoyer<\/p>","protected":false},"author":1,"featured_media":0,"parent":0,"menu_order":0,"comment_status":"closed","ping_status":"closed","template":"","meta":{"footnotes":""},"class_list":["post-1290","page","type-page","status-publish","hentry"],"blocksy_meta":{"styles_descriptor":{"styles":{"desktop":"","tablet":"","mobile":""},"google_fonts":[],"version":6}},"jetpack_sharing_enabled":true,"_links":{"self":[{"href":"https:\/\/souk-home.com\/it\/wp-json\/wp\/v2\/pages\/1290","targetHints":{"allow":["GET"]}}],"collection":[{"href":"https:\/\/souk-home.com\/it\/wp-json\/wp\/v2\/pages"}],"about":[{"href":"https:\/\/souk-home.com\/it\/wp-json\/wp\/v2\/types\/page"}],"author":[{"embeddable":true,"href":"https:\/\/souk-home.com\/it\/wp-json\/wp\/v2\/users\/1"}],"replies":[{"embeddable":true,"href":"https:\/\/souk-home.com\/it\/wp-json\/wp\/v2\/comments?post=1290"}],"version-history":[{"count":52,"href":"https:\/\/souk-home.com\/it\/wp-json\/wp\/v2\/pages\/1290\/revisions"}],"predecessor-version":[{"id":1927,"href":"https:\/\/souk-home.com\/it\/wp-json\/wp\/v2\/pages\/1290\/revisions\/1927"}],"wp:attachment":[{"href":"https:\/\/souk-home.com\/it\/wp-json\/wp\/v2\/media?parent=1290"}],"curies":[{"name":"wp","href":"https:\/\/api.w.org\/{rel}","templated":true}]}}