{"id":1550,"date":"2025-05-24T14:34:38","date_gmt":"2025-05-24T14:34:38","guid":{"rendered":"https:\/\/souk-home.com\/?post_type=product&#038;p=1550"},"modified":"2026-01-06T08:51:53","modified_gmt":"2026-01-06T08:51:53","slug":"vase-tadelakt-halo","status":"publish","type":"product","link":"https:\/\/souk-home.com\/it\/prodotto\/vase-tadelakt-halo\/","title":{"rendered":"Vase Tadelakt &#8211; Halo"},"content":{"rendered":"<p class=\"\" data-start=\"767\" data-end=\"789\"><strong data-start=\"767\" data-end=\"789\">Caract\u00e9ristiques :<\/strong><\/p>\n<ul data-start=\"790\" data-end=\"1129\">\n<li class=\"\" data-start=\"790\" data-end=\"833\">\n<p class=\"\" data-start=\"792\" data-end=\"833\"><strong data-start=\"792\" data-end=\"806\">Mat\u00e9riau :<\/strong> Tadelakt (chaux naturelle)<\/p>\n<\/li>\n<li class=\"\" data-start=\"834\" data-end=\"880\">\n<p class=\"\" data-start=\"836\" data-end=\"880\"><strong data-start=\"836\" data-end=\"850\">Finition :<\/strong> Polie \u00e0 la main, effet satin\u00e9<\/p>\n<\/li>\n<li class=\"\" data-start=\"881\" data-end=\"916\">\n<p class=\"\" data-start=\"883\" data-end=\"916\"><strong data-start=\"883\" data-end=\"896\">Couleur :<\/strong> Beige sable naturel<\/p>\n<\/li>\n<li class=\"\" data-start=\"917\" data-end=\"981\">\n<p class=\"\" data-start=\"919\" data-end=\"981\"><strong data-start=\"919\" data-end=\"935\">Dimensions :<\/strong> 25 cm de haut x 18 cm de large (approximatif)<\/p>\n<\/li>\n<\/ul>\n<p class=\"\" data-start=\"1131\" data-end=\"1253\"><strong data-start=\"1131\" data-end=\"1159\">Chaque pi\u00e8ce est unique.<\/strong> Des variations de teinte et de texture sont le gage d\u2019une fabrication artisanale authentique.<\/p>\n<p class=\"\" data-start=\"1255\" data-end=\"1294\"><strong data-start=\"1255\" data-end=\"1294\">Fabriqu\u00e9 \u00e0 la main dans les hauteurs du Maroc \ud83c\uddf2\ud83c\udde6<\/strong><\/p>","protected":false},"excerpt":{"rendered":"<p data-start=\"767\" data-end=\"789\">Tel un souffle de nature, le vase <strong>Halo<\/strong> apporte une respiration douce \u00e0 votre int\u00e9rieur. Une pi\u00e8ce unique fa\u00e7onn\u00e9e \u00e0 la main. Fabriqu\u00e9 en tadelakt, enduit traditionnel marocain reconnu pour sa douceur et sa finition satin\u00e9e, ce vase combine authenticit\u00e9 et design moderne.<\/p>","protected":false},"featured_media":1597,"comment_status":"open","ping_status":"closed","template":"","meta":[],"product_brand":[],"product_cat":[15,36,33],"product_tag":[],"class_list":{"0":"post-1550","1":"product","2":"type-product","3":"status-publish","4":"has-post-thumbnail","6":"product_cat-uncategorized","7":"product_cat-offre-rentree","8":"product_cat-vases-art-de-table","10":"first","11":"instock","12":"sale","13":"shipping-taxable","14":"purchasable","15":"product-type-simple"},"jetpack_sharing_enabled":true,"_links":{"self":[{"href":"https:\/\/souk-home.com\/it\/wp-json\/wp\/v2\/product\/1550","targetHints":{"allow":["GET"]}}],"collection":[{"href":"https:\/\/souk-home.com\/it\/wp-json\/wp\/v2\/product"}],"about":[{"href":"https:\/\/souk-home.com\/it\/wp-json\/wp\/v2\/types\/product"}],"replies":[{"embeddable":true,"href":"https:\/\/souk-home.com\/it\/wp-json\/wp\/v2\/comments?post=1550"}],"wp:featuredmedia":[{"embeddable":true,"href":"https:\/\/souk-home.com\/it\/wp-json\/wp\/v2\/media\/1597"}],"wp:attachment":[{"href":"https:\/\/souk-home.com\/it\/wp-json\/wp\/v2\/media?parent=1550"}],"wp:term":[{"taxonomy":"product_brand","embeddable":true,"href":"https:\/\/souk-home.com\/it\/wp-json\/wp\/v2\/product_brand?post=1550"},{"taxonomy":"product_cat","embeddable":true,"href":"https:\/\/souk-home.com\/it\/wp-json\/wp\/v2\/product_cat?post=1550"},{"taxonomy":"product_tag","embeddable":true,"href":"https:\/\/souk-home.com\/it\/wp-json\/wp\/v2\/product_tag?post=1550"}],"curies":[{"name":"wp","href":"https:\/\/api.w.org\/{rel}","templated":true}]}}