{"id":1663,"date":"2025-06-20T08:31:02","date_gmt":"2025-06-20T08:31:02","guid":{"rendered":"https:\/\/souk-home.com\/?post_type=product&#038;p=1663"},"modified":"2026-01-06T08:51:53","modified_gmt":"2026-01-06T08:51:53","slug":"vase-ceram-verde-2-verres","status":"publish","type":"product","link":"https:\/\/souk-home.com\/it\/prodotto\/vase-ceram-verde-2-verres\/","title":{"rendered":"Vase C\u00e9ram &#8211; Verde &#038; 2 verres"},"content":{"rendered":"<p class=\"\" data-start=\"767\" data-end=\"789\"><strong data-start=\"767\" data-end=\"789\">Caract\u00e9ristiques :<\/strong><\/p>\n<ul data-start=\"790\" data-end=\"1129\">\n<li class=\"\" data-start=\"790\" data-end=\"833\">\n<p class=\"\" data-start=\"792\" data-end=\"833\"><strong data-start=\"792\" data-end=\"806\">Mat\u00e9riau :<\/strong> C\u00e9ramique<\/p>\n<\/li>\n<li class=\"\" data-start=\"834\" data-end=\"880\">\n<p class=\"\" data-start=\"836\" data-end=\"880\"><strong data-start=\"836\" data-end=\"850\">Finition :<\/strong> Polie \u00e0 la main<\/p>\n<\/li>\n<li class=\"\" data-start=\"881\" data-end=\"916\">\n<p class=\"\" data-start=\"883\" data-end=\"916\"><strong data-start=\"883\" data-end=\"896\">Couleur :<\/strong> Blanc et vert<\/p>\n<\/li>\n<li class=\"\" data-start=\"917\" data-end=\"981\">\n<p class=\"\" data-start=\"919\" data-end=\"981\"><strong data-start=\"919\" data-end=\"935\">Dimensions :<\/strong><\/p>\n<ul data-start=\"790\" data-end=\"1129\">\n<li class=\"\" data-start=\"917\" data-end=\"981\">\n<p class=\"\" data-start=\"919\" data-end=\"981\">Vase : 22 cm de haut x 8 cm de large<\/p>\n<\/li>\n<li data-start=\"917\" data-end=\"981\">Verres : 10 cm de haut x 5 cm de large<\/li>\n<\/ul>\n<\/li>\n<\/ul>\n<p class=\"\" data-start=\"1131\" data-end=\"1253\"><strong data-start=\"1131\" data-end=\"1159\">Chaque pi\u00e8ce est unique.<\/strong> Des variations de teinte et de texture sont le gage d\u2019une fabrication artisanale authentique.<\/p>\n<p class=\"\" data-start=\"1255\" data-end=\"1294\"><strong data-start=\"1255\" data-end=\"1294\">Fabriqu\u00e9 \u00e0 la main dans les hauteurs du Maroc \ud83c\uddf2\ud83c\udde6<\/strong><\/p>","protected":false},"excerpt":{"rendered":"<p style=\"text-align: left;\" data-start=\"767\" data-end=\"789\">Adoucissez votre int\u00e9rieur avec notre vase Petits C\u0153urs. Ses lignes organiques et ses motifs d\u00e9licats cr\u00e9ent une atmosph\u00e8re chaleureuse. Un objet unique, entre po\u00e9sie et savoir-faire artisanal.<\/p>","protected":false},"featured_media":1666,"comment_status":"open","ping_status":"closed","template":"","meta":[],"product_brand":[],"product_cat":[15,33],"product_tag":[],"class_list":{"0":"post-1663","1":"product","2":"type-product","3":"status-publish","4":"has-post-thumbnail","6":"product_cat-uncategorized","7":"product_cat-vases-art-de-table","9":"first","10":"instock","11":"shipping-taxable","12":"purchasable","13":"product-type-simple"},"jetpack_sharing_enabled":true,"_links":{"self":[{"href":"https:\/\/souk-home.com\/it\/wp-json\/wp\/v2\/product\/1663","targetHints":{"allow":["GET"]}}],"collection":[{"href":"https:\/\/souk-home.com\/it\/wp-json\/wp\/v2\/product"}],"about":[{"href":"https:\/\/souk-home.com\/it\/wp-json\/wp\/v2\/types\/product"}],"replies":[{"embeddable":true,"href":"https:\/\/souk-home.com\/it\/wp-json\/wp\/v2\/comments?post=1663"}],"wp:featuredmedia":[{"embeddable":true,"href":"https:\/\/souk-home.com\/it\/wp-json\/wp\/v2\/media\/1666"}],"wp:attachment":[{"href":"https:\/\/souk-home.com\/it\/wp-json\/wp\/v2\/media?parent=1663"}],"wp:term":[{"taxonomy":"product_brand","embeddable":true,"href":"https:\/\/souk-home.com\/it\/wp-json\/wp\/v2\/product_brand?post=1663"},{"taxonomy":"product_cat","embeddable":true,"href":"https:\/\/souk-home.com\/it\/wp-json\/wp\/v2\/product_cat?post=1663"},{"taxonomy":"product_tag","embeddable":true,"href":"https:\/\/souk-home.com\/it\/wp-json\/wp\/v2\/product_tag?post=1663"}],"curies":[{"name":"wp","href":"https:\/\/api.w.org\/{rel}","templated":true}]}}