{"id":1676,"date":"2025-06-20T09:03:28","date_gmt":"2025-06-20T09:03:28","guid":{"rendered":"https:\/\/souk-home.com\/?post_type=product&#038;p=1676"},"modified":"2026-01-06T08:51:52","modified_gmt":"2026-01-06T08:51:52","slug":"petite-boite-tressee-tissinou","status":"publish","type":"product","link":"https:\/\/souk-home.com\/it\/prodotto\/petite-boite-tressee-tissinou\/","title":{"rendered":"Petite bo\u00eete tress\u00e9e \u2013 Tissinou"},"content":{"rendered":"<p class=\"\" data-start=\"767\" data-end=\"789\"><strong data-start=\"767\" data-end=\"789\">Caract\u00e9ristiques :<\/strong><\/p>\n<ul data-start=\"790\" data-end=\"1129\">\n<li class=\"\" data-start=\"790\" data-end=\"833\">\n<p class=\"\" data-start=\"792\" data-end=\"833\"><strong data-start=\"792\" data-end=\"806\">Mat\u00e9riau :<\/strong> Feuilles de palmier<\/p>\n<\/li>\n<li class=\"\" data-start=\"917\" data-end=\"981\">\n<p class=\"\" data-start=\"919\" data-end=\"981\"><strong data-start=\"919\" data-end=\"935\">Dimensions :<\/strong><\/p>\n<ul data-start=\"790\" data-end=\"1129\">\n<li data-start=\"917\" data-end=\"981\">Moyenne taille : 60 \u00d7 40 \u00d7 33 cm (Longueur \u00d7 Largeur \u00d7 Hauteur)<\/li>\n<\/ul>\n<\/li>\n<\/ul>\n<p class=\"\" data-start=\"1131\" data-end=\"1253\"><strong data-start=\"1131\" data-end=\"1159\">Chaque pi\u00e8ce est unique.<\/strong> Des variations de teinte et de texture sont le gage d\u2019une fabrication artisanale authentique.<\/p>\n<p class=\"\" data-start=\"1255\" data-end=\"1294\"><strong data-start=\"1255\" data-end=\"1294\">Fabriqu\u00e9 \u00e0 la main dans les hauteurs du Maroc \ud83c\uddf2\ud83c\udde6<\/strong><\/p>","protected":false},"excerpt":{"rendered":"<p><strong data-start=\"114\" data-end=\"188\">Tissinou <\/strong>c\u00e9l\u00e8bre la finesse du tressage artisanal en version compacte.<br data-start=\"188\" data-end=\"191\" \/>Parfaite pour ranger vos petits tr\u00e9sors, cette bo\u00eete en feuilles de palmier allie fonctionnalit\u00e9 et \u00e9l\u00e9gance naturelle.<br data-start=\"310\" data-end=\"313\" \/>Son format discret et son charme brut en font un objet d\u00e9co aussi utile qu\u2019authentique.<\/p>","protected":false},"featured_media":1677,"comment_status":"open","ping_status":"closed","template":"","meta":[],"product_brand":[],"product_cat":[15,32],"product_tag":[],"class_list":{"0":"post-1676","1":"product","2":"type-product","3":"status-publish","4":"has-post-thumbnail","6":"product_cat-uncategorized","7":"product_cat-vannerie","9":"first","10":"instock","11":"sale","12":"shipping-taxable","13":"purchasable","14":"product-type-simple"},"jetpack_sharing_enabled":true,"_links":{"self":[{"href":"https:\/\/souk-home.com\/it\/wp-json\/wp\/v2\/product\/1676","targetHints":{"allow":["GET"]}}],"collection":[{"href":"https:\/\/souk-home.com\/it\/wp-json\/wp\/v2\/product"}],"about":[{"href":"https:\/\/souk-home.com\/it\/wp-json\/wp\/v2\/types\/product"}],"replies":[{"embeddable":true,"href":"https:\/\/souk-home.com\/it\/wp-json\/wp\/v2\/comments?post=1676"}],"wp:featuredmedia":[{"embeddable":true,"href":"https:\/\/souk-home.com\/it\/wp-json\/wp\/v2\/media\/1677"}],"wp:attachment":[{"href":"https:\/\/souk-home.com\/it\/wp-json\/wp\/v2\/media?parent=1676"}],"wp:term":[{"taxonomy":"product_brand","embeddable":true,"href":"https:\/\/souk-home.com\/it\/wp-json\/wp\/v2\/product_brand?post=1676"},{"taxonomy":"product_cat","embeddable":true,"href":"https:\/\/souk-home.com\/it\/wp-json\/wp\/v2\/product_cat?post=1676"},{"taxonomy":"product_tag","embeddable":true,"href":"https:\/\/souk-home.com\/it\/wp-json\/wp\/v2\/product_tag?post=1676"}],"curies":[{"name":"wp","href":"https:\/\/api.w.org\/{rel}","templated":true}]}}