{"id":1800,"date":"2025-06-26T10:30:25","date_gmt":"2025-06-26T10:30:25","guid":{"rendered":"https:\/\/souk-home.com\/?post_type=product&#038;p=1800"},"modified":"2026-01-06T08:51:52","modified_gmt":"2026-01-06T08:51:52","slug":"malle-tazra-taille-xl","status":"publish","type":"product","link":"https:\/\/souk-home.com\/it\/prodotto\/malle-tazra-taille-xl\/","title":{"rendered":"Malle &#8211; Tazra &#8211; Taille XL"},"content":{"rendered":"<p class=\"\" data-start=\"767\" data-end=\"789\"><strong data-start=\"767\" data-end=\"789\">Caract\u00e9ristiques :<\/strong><\/p>\n<ul data-start=\"790\" data-end=\"1129\">\n<li class=\"\" data-start=\"790\" data-end=\"833\">\n<p class=\"\" data-start=\"792\" data-end=\"833\"><strong data-start=\"792\" data-end=\"806\">Mat\u00e9riau :<\/strong> Feuilles de palmier<\/p>\n<\/li>\n<li class=\"\" data-start=\"917\" data-end=\"981\">\n<p class=\"\" data-start=\"919\" data-end=\"981\"><strong data-start=\"919\" data-end=\"935\">Dimensions :<\/strong><\/p>\n<ul data-start=\"790\" data-end=\"1129\">\n<li data-start=\"917\" data-end=\"981\">Grande taille : 60 \u00d7 40 \u00d7 33 cm (Longueur \u00d7 Largeur \u00d7 Hauteur)<\/li>\n<\/ul>\n<\/li>\n<\/ul>\n<p class=\"\" data-start=\"1131\" data-end=\"1253\"><strong data-start=\"1131\" data-end=\"1159\">Chaque pi\u00e8ce est unique.<\/strong> Des variations de teinte et de texture sont le gage d\u2019une fabrication artisanale authentique.<\/p>\n<p class=\"\" data-start=\"1255\" data-end=\"1294\"><strong data-start=\"1255\" data-end=\"1294\">Fabriqu\u00e9 \u00e0 la main dans les hauteurs du Maroc \ud83c\uddf2\ud83c\udde6<\/strong><\/p>","protected":false},"excerpt":{"rendered":"<p data-start=\"767\" data-end=\"789\"><strong data-start=\"109\" data-end=\"182\">Tazra <\/strong>incarne la simplicit\u00e9 chaleureuse et le savoir-faire artisanal.<br data-start=\"182\" data-end=\"185\" \/>Avec ses dimensions g\u00e9n\u00e9reuses, cette malle en feuilles de palmier tress\u00e9e \u00e0 la main est id\u00e9ale pour ranger linge, jouets ou objets du quotidien.<br data-start=\"333\" data-end=\"336\" \/>Son tressage traditionnel lui conf\u00e8re une allure authentique qui s\u2019int\u00e8gre naturellement dans toutes les pi\u00e8ces de la maison.<\/p>\n<p data-start=\"767\" data-end=\"789\">Disponible en deux tailles (grande ou moyenne)<\/p>","protected":false},"featured_media":1636,"comment_status":"open","ping_status":"closed","template":"","meta":[],"product_brand":[],"product_cat":[15,32],"product_tag":[],"class_list":{"0":"post-1800","1":"product","2":"type-product","3":"status-publish","4":"has-post-thumbnail","6":"product_cat-uncategorized","7":"product_cat-vannerie","9":"first","10":"instock","11":"shipping-taxable","12":"purchasable","13":"product-type-simple"},"jetpack_sharing_enabled":true,"_links":{"self":[{"href":"https:\/\/souk-home.com\/it\/wp-json\/wp\/v2\/product\/1800","targetHints":{"allow":["GET"]}}],"collection":[{"href":"https:\/\/souk-home.com\/it\/wp-json\/wp\/v2\/product"}],"about":[{"href":"https:\/\/souk-home.com\/it\/wp-json\/wp\/v2\/types\/product"}],"replies":[{"embeddable":true,"href":"https:\/\/souk-home.com\/it\/wp-json\/wp\/v2\/comments?post=1800"}],"wp:featuredmedia":[{"embeddable":true,"href":"https:\/\/souk-home.com\/it\/wp-json\/wp\/v2\/media\/1636"}],"wp:attachment":[{"href":"https:\/\/souk-home.com\/it\/wp-json\/wp\/v2\/media?parent=1800"}],"wp:term":[{"taxonomy":"product_brand","embeddable":true,"href":"https:\/\/souk-home.com\/it\/wp-json\/wp\/v2\/product_brand?post=1800"},{"taxonomy":"product_cat","embeddable":true,"href":"https:\/\/souk-home.com\/it\/wp-json\/wp\/v2\/product_cat?post=1800"},{"taxonomy":"product_tag","embeddable":true,"href":"https:\/\/souk-home.com\/it\/wp-json\/wp\/v2\/product_tag?post=1800"}],"curies":[{"name":"wp","href":"https:\/\/api.w.org\/{rel}","templated":true}]}}