{"id":1863,"date":"2025-06-27T08:19:10","date_gmt":"2025-06-27T08:19:10","guid":{"rendered":"https:\/\/souk-home.com\/?post_type=product&#038;p=1863"},"modified":"2026-01-06T08:51:52","modified_gmt":"2026-01-06T08:51:52","slug":"panier-atlas-vert","status":"publish","type":"product","link":"https:\/\/souk-home.com\/it\/prodotto\/panier-atlas-vert\/","title":{"rendered":"Panier &#8211; Atlas &#8211; Vert"},"content":{"rendered":"<p class=\"\" data-start=\"767\" data-end=\"789\"><strong data-start=\"767\" data-end=\"789\">Caract\u00e9ristiques :<\/strong><\/p>\n<ul data-start=\"790\" data-end=\"1129\">\n<li class=\"\" data-start=\"790\" data-end=\"833\">\n<p class=\"\" data-start=\"792\" data-end=\"833\"><strong data-start=\"792\" data-end=\"806\">Mat\u00e9riau :<\/strong> Osier<\/p>\n<\/li>\n<li class=\"\" data-start=\"917\" data-end=\"981\">\n<p class=\"\" data-start=\"919\" data-end=\"981\"><strong data-start=\"919\" data-end=\"935\">Dimensions :<\/strong><\/p>\n<ul>\n<li><strong>30cm hauteur<\/strong><\/li>\n<li><strong>52cm longueur<\/strong><\/li>\n<li><strong>25cm largeur<\/strong><\/li>\n<\/ul>\n<\/li>\n<\/ul>\n<p class=\"\" data-start=\"1131\" data-end=\"1253\"><strong data-start=\"1131\" data-end=\"1159\">Chaque pi\u00e8ce est unique.<\/strong> Des variations de teinte et de texture sont le gage d\u2019une fabrication artisanale authentique.<\/p>\n<p class=\"\" data-start=\"1255\" data-end=\"1294\"><strong data-start=\"1255\" data-end=\"1294\">Fabriqu\u00e9 \u00e0 la main dans les hauteurs du Maroc \ud83c\uddf2\ud83c\udde6<\/strong><\/p>","protected":false},"excerpt":{"rendered":"<p>Le panier\u00a0<strong>Atlas<\/strong> marie l&rsquo;\u00e9l\u00e9gance brute de l\u2019artisanat traditionnel au style contemporain. Fabriqu\u00e9 \u00e0 la main \u00e0 partir d&rsquo;osier et bord\u00e9 d\u2019un filet en corde tress\u00e9e, il s\u00e9duit par son contraste de textures et sa solidit\u00e9.<br data-start=\"363\" data-end=\"366\" \/>Id\u00e9al pour le march\u00e9, la plage ou comme \u00e9l\u00e9ment d\u00e9coratif, ce panier allie praticit\u00e9 et esth\u00e9tique naturelle.<\/p>\n<p>Disponible en plusieurs couleurs<\/p>","protected":false},"featured_media":1864,"comment_status":"open","ping_status":"closed","template":"","meta":[],"product_brand":[],"product_cat":[34,15],"product_tag":[],"class_list":{"0":"post-1863","1":"product","2":"type-product","3":"status-publish","4":"has-post-thumbnail","6":"product_cat-maroquinerie","7":"product_cat-uncategorized","9":"first","10":"instock","11":"sale","12":"shipping-taxable","13":"purchasable","14":"product-type-simple"},"jetpack_sharing_enabled":true,"_links":{"self":[{"href":"https:\/\/souk-home.com\/it\/wp-json\/wp\/v2\/product\/1863","targetHints":{"allow":["GET"]}}],"collection":[{"href":"https:\/\/souk-home.com\/it\/wp-json\/wp\/v2\/product"}],"about":[{"href":"https:\/\/souk-home.com\/it\/wp-json\/wp\/v2\/types\/product"}],"replies":[{"embeddable":true,"href":"https:\/\/souk-home.com\/it\/wp-json\/wp\/v2\/comments?post=1863"}],"wp:featuredmedia":[{"embeddable":true,"href":"https:\/\/souk-home.com\/it\/wp-json\/wp\/v2\/media\/1864"}],"wp:attachment":[{"href":"https:\/\/souk-home.com\/it\/wp-json\/wp\/v2\/media?parent=1863"}],"wp:term":[{"taxonomy":"product_brand","embeddable":true,"href":"https:\/\/souk-home.com\/it\/wp-json\/wp\/v2\/product_brand?post=1863"},{"taxonomy":"product_cat","embeddable":true,"href":"https:\/\/souk-home.com\/it\/wp-json\/wp\/v2\/product_cat?post=1863"},{"taxonomy":"product_tag","embeddable":true,"href":"https:\/\/souk-home.com\/it\/wp-json\/wp\/v2\/product_tag?post=1863"}],"curies":[{"name":"wp","href":"https:\/\/api.w.org\/{rel}","templated":true}]}}