{"id":1896,"date":"2025-06-28T17:53:49","date_gmt":"2025-06-28T17:53:49","guid":{"rendered":"https:\/\/lightsalmon-raccoon-910325.hostingersite.com\/?post_type=product&#038;p=1896"},"modified":"2026-01-06T08:51:51","modified_gmt":"2026-01-06T08:51:51","slug":"panier-dades","status":"publish","type":"product","link":"https:\/\/souk-home.com\/it\/prodotto\/panier-dades\/","title":{"rendered":"Panier &#8211; Dades"},"content":{"rendered":"<p class=\"\" data-start=\"767\" data-end=\"789\"><strong data-start=\"767\" data-end=\"789\">Caract\u00e9ristiques :<\/strong><\/p>\n<ul data-start=\"790\" data-end=\"1129\">\n<li class=\"\" data-start=\"790\" data-end=\"833\">\n<p class=\"\" data-start=\"792\" data-end=\"833\"><strong data-start=\"792\" data-end=\"806\">Mat\u00e9riau :<\/strong> Osier<\/p>\n<\/li>\n<li class=\"\" data-start=\"917\" data-end=\"981\">\n<p class=\"\" data-start=\"919\" data-end=\"981\"><strong data-start=\"919\" data-end=\"935\">Dimensions :<\/strong><\/p>\n<ul>\n<li><strong>30 cm hauteur<\/strong><\/li>\n<li><strong>45 cm longueur<\/strong><\/li>\n<li><strong>20 cm largeur<\/strong><\/li>\n<\/ul>\n<\/li>\n<\/ul>\n<p class=\"\" data-start=\"1131\" data-end=\"1253\"><strong data-start=\"1131\" data-end=\"1159\">Chaque pi\u00e8ce est unique.<\/strong> Des variations de teinte et de texture sont le gage d\u2019une fabrication artisanale authentique.<\/p>\n<p class=\"\" data-start=\"1255\" data-end=\"1294\"><strong data-start=\"1255\" data-end=\"1294\">Fabriqu\u00e9 \u00e0 la main dans les hauteurs du Maroc \ud83c\uddf2\ud83c\udde6<\/strong><\/p>","protected":false},"excerpt":{"rendered":"<p>Le panier <strong>Dades<\/strong> est un indispensable au style authentique. Ses anses en cuir et sa boucle lui conf\u00e8rent un look naturel et pratique. Parfait pour le march\u00e9, la plage ou la d\u00e9coration int\u00e9rieure<\/p>","protected":false},"featured_media":1948,"comment_status":"open","ping_status":"closed","template":"","meta":[],"product_brand":[],"product_cat":[34,36,15],"product_tag":[],"class_list":{"0":"post-1896","1":"product","2":"type-product","3":"status-publish","4":"has-post-thumbnail","6":"product_cat-maroquinerie","7":"product_cat-offre-rentree","8":"product_cat-uncategorized","10":"first","11":"instock","12":"sale","13":"shipping-taxable","14":"purchasable","15":"product-type-simple"},"jetpack_sharing_enabled":true,"_links":{"self":[{"href":"https:\/\/souk-home.com\/it\/wp-json\/wp\/v2\/product\/1896","targetHints":{"allow":["GET"]}}],"collection":[{"href":"https:\/\/souk-home.com\/it\/wp-json\/wp\/v2\/product"}],"about":[{"href":"https:\/\/souk-home.com\/it\/wp-json\/wp\/v2\/types\/product"}],"replies":[{"embeddable":true,"href":"https:\/\/souk-home.com\/it\/wp-json\/wp\/v2\/comments?post=1896"}],"wp:featuredmedia":[{"embeddable":true,"href":"https:\/\/souk-home.com\/it\/wp-json\/wp\/v2\/media\/1948"}],"wp:attachment":[{"href":"https:\/\/souk-home.com\/it\/wp-json\/wp\/v2\/media?parent=1896"}],"wp:term":[{"taxonomy":"product_brand","embeddable":true,"href":"https:\/\/souk-home.com\/it\/wp-json\/wp\/v2\/product_brand?post=1896"},{"taxonomy":"product_cat","embeddable":true,"href":"https:\/\/souk-home.com\/it\/wp-json\/wp\/v2\/product_cat?post=1896"},{"taxonomy":"product_tag","embeddable":true,"href":"https:\/\/souk-home.com\/it\/wp-json\/wp\/v2\/product_tag?post=1896"}],"curies":[{"name":"wp","href":"https:\/\/api.w.org\/{rel}","templated":true}]}}