{"id":1933,"date":"2025-07-02T22:27:18","date_gmt":"2025-07-02T22:27:18","guid":{"rendered":"https:\/\/lightsalmon-raccoon-910325.hostingersite.com\/?post_type=product&#038;p=1933"},"modified":"2026-01-06T08:51:51","modified_gmt":"2026-01-06T08:51:51","slug":"sets-de-table-tresses-tiziri-noir-x2","status":"publish","type":"product","link":"https:\/\/souk-home.com\/it\/prodotto\/sets-de-table-tresses-tiziri-noir-x2\/","title":{"rendered":"Sets de table tress\u00e9s &#8211; Tiziri x2"},"content":{"rendered":"<p class=\"\" data-start=\"767\" data-end=\"789\"><strong data-start=\"767\" data-end=\"789\">Caract\u00e9ristiques :<\/strong><\/p>\n<ul data-start=\"790\" data-end=\"1129\">\n<li class=\"\" data-start=\"790\" data-end=\"833\">\n<p class=\"\" data-start=\"792\" data-end=\"833\"><strong data-start=\"792\" data-end=\"806\">Mat\u00e9riau :<\/strong> Feuilles de palmier et pompons noirs<\/p>\n<\/li>\n<li class=\"\" data-start=\"917\" data-end=\"981\">\n<p class=\"\" data-start=\"919\" data-end=\"981\"><strong data-start=\"919\" data-end=\"935\">Dimensions : <\/strong>40&#215;30 cm<\/p>\n<\/li>\n<\/ul>\n<p class=\"\" data-start=\"1255\" data-end=\"1294\"><strong data-start=\"1255\" data-end=\"1294\">Fabriqu\u00e9 \u00e0 la main dans les hauteurs du Maroc \ud83c\uddf2\ud83c\udde6<\/strong><\/p>","protected":false},"excerpt":{"rendered":"<p data-start=\"119\" data-end=\"354\">Sobri\u00e9t\u00e9 naturelle et charme artisanal s\u2019invitent \u00e0 votre table avec ce dessous d\u2019assiette en feuilles de palmier tress\u00e9es. Sa forme rectangulaire et ses pompons contrast\u00e9s apportent une touche ensoleill\u00e9e et originale \u00e0 vos repas.<\/p>\n<p data-start=\"356\" data-end=\"500\">Tiss\u00e9 \u00e0 la main par des artisanes berb\u00e8re.<\/p>\n<p data-start=\"356\" data-end=\"500\">Vendu par lot de deux<\/p>","protected":false},"featured_media":1934,"comment_status":"open","ping_status":"closed","template":"","meta":[],"product_brand":[],"product_cat":[15,32],"product_tag":[],"class_list":{"0":"post-1933","1":"product","2":"type-product","3":"status-publish","4":"has-post-thumbnail","6":"product_cat-uncategorized","7":"product_cat-vannerie","9":"first","10":"instock","11":"sale","12":"shipping-taxable","13":"purchasable","14":"product-type-simple"},"jetpack_sharing_enabled":true,"_links":{"self":[{"href":"https:\/\/souk-home.com\/it\/wp-json\/wp\/v2\/product\/1933","targetHints":{"allow":["GET"]}}],"collection":[{"href":"https:\/\/souk-home.com\/it\/wp-json\/wp\/v2\/product"}],"about":[{"href":"https:\/\/souk-home.com\/it\/wp-json\/wp\/v2\/types\/product"}],"replies":[{"embeddable":true,"href":"https:\/\/souk-home.com\/it\/wp-json\/wp\/v2\/comments?post=1933"}],"wp:featuredmedia":[{"embeddable":true,"href":"https:\/\/souk-home.com\/it\/wp-json\/wp\/v2\/media\/1934"}],"wp:attachment":[{"href":"https:\/\/souk-home.com\/it\/wp-json\/wp\/v2\/media?parent=1933"}],"wp:term":[{"taxonomy":"product_brand","embeddable":true,"href":"https:\/\/souk-home.com\/it\/wp-json\/wp\/v2\/product_brand?post=1933"},{"taxonomy":"product_cat","embeddable":true,"href":"https:\/\/souk-home.com\/it\/wp-json\/wp\/v2\/product_cat?post=1933"},{"taxonomy":"product_tag","embeddable":true,"href":"https:\/\/souk-home.com\/it\/wp-json\/wp\/v2\/product_tag?post=1933"}],"curies":[{"name":"wp","href":"https:\/\/api.w.org\/{rel}","templated":true}]}}